{"id":394,"date":"2020-02-07T08:56:16","date_gmt":"2020-02-07T07:56:16","guid":{"rendered":"https:\/\/www.apart-of-me.at\/?page_id=394"},"modified":"2021-05-11T14:45:04","modified_gmt":"2021-05-11T12:45:04","slug":"impressum","status":"publish","type":"page","link":"https:\/\/www.apart-of-me.at\/it\/impressum\/","title":{"rendered":"Impronta"},"content":{"rendered":"<p>Oltre a me GmbH &amp; Co. KG<br>Hausergasse 27<br>A-9500 Villach<\/p>\n\n\n\n<p>Tel.: +43 664 46 166 60<br>E-mail: base@apart-of-me.at<\/p>\n\n\n\n<p>Numero di registro dell'azienda: FN 288712 b<\/p>\n\n\n\n<p>Luogo di giurisdizione: Klagenfurt<\/p>\n\n\n\n<p>Numero UID: ATU70976946<\/p>\n\n\n\n<p>Gestione<br>Hansj\u00f6rg Kofler<\/p>\n\n\n\n<p>Divulgazione secondo il \u00a7 25 della legge sui media<\/p>\n\n\n\n<p>www.apart-of-me.at \u00e8 un progetto del:<\/p>\n\n\n\n<p>Apart of me GmbH, Hausergasse 27, A-9500 Villach<\/p>\n\n\n\n<p>La responsabilit\u00e0 del contenuto dei singoli contributi \u00e8 degli autori o delle persone di contatto.<\/p>\n\n\n\n<p>Tutte le informazioni sono fornite al meglio delle nostre conoscenze e convinzioni. Se tuttavia si \u00e8 verificato un errore, ce ne rammarichiamo - tuttavia, non si pu\u00f2 assumere alcuna responsabilit\u00e0 per questo caso. Il proprietario dei media non si assume alcuna responsabilit\u00e0 per i contenuti esterni a cui si fa riferimento tramite hyperlink.<\/p>\n\n\n\n<p>Allo stesso modo, il proprietario dei media si dissocia espressamente da tutti i contenuti delle sottosezioni di www.apart-of-me.at in cui l'utente del sito web pu\u00f2 fare o ha fatto voci o modifiche in modo indipendente, senza ulteriore permesso del proprietario dei media.<\/p>\n\n\n\n<p>Il proprietario dei media richiama anche l'attenzione sul fatto che le informazioni offerte possono cambiare continuamente per motivi di aggiornamento.<\/p>\n\n\n\n<p>Il contenuto di queste pagine \u00e8 protetto da copyright. Le informazioni sono intese solo per uso personale. Qualsiasi ulteriore utilizzo, in particolare l'archiviazione in banche dati, la pubblicazione, la duplicazione e qualsiasi forma di utilizzo commerciale, nonch\u00e9 la divulgazione a terzi - anche in parti o in forma rielaborata - senza il consenso del proprietario dei media \u00e8 vietata.<\/p>\n\n\n\n<p>I collegamenti ipertestuali a www.apart-of-me.at sono benvenuti. Tuttavia, il proprietario dei media chiede di astenersi dall'incorporare singole pagine del nostro sito web in frame esterni. Per questioni organizzative, si prega di contattare il proprietario dei media.<\/p>\n\n\n\n<p><br><br><br><\/p>","protected":false},"excerpt":{"rendered":"<p>Apart of me GmbH &amp; Co. KGHausergasse 27A-9500 Villach Tel.: +43 664 46 166 60E-Mail: base@apart-of-me.at Firmenbuchnummer: FN 288712 b Gerichtsstand: Klagenfurt UID-Nummer: ATU70976946 Gesch\u00e4ftsf\u00fchrungHansj\u00f6rg Kofler Offenlegung lt. \u00a7 25 Mediengesetz www.apart-of-me.at ist ein Projekt der: Apart of me GmbH, Hausergasse 27, A-9500 Villach Die inhaltliche Verantwortung f\u00fcr die einzelnen Beitr\u00e4ge liegt bei den Autoren [&hellip;]<\/p>","protected":false},"author":1,"featured_media":0,"parent":0,"menu_order":0,"comment_status":"closed","ping_status":"open","template":"templates\/template-full-width.php","meta":{"footnotes":""},"class_list":["post-394","page","type-page","status-publish","hentry"],"_links":{"self":[{"href":"https:\/\/www.apart-of-me.at\/it\/wp-json\/wp\/v2\/pages\/394","targetHints":{"allow":["GET"]}}],"collection":[{"href":"https:\/\/www.apart-of-me.at\/it\/wp-json\/wp\/v2\/pages"}],"about":[{"href":"https:\/\/www.apart-of-me.at\/it\/wp-json\/wp\/v2\/types\/page"}],"author":[{"embeddable":true,"href":"https:\/\/www.apart-of-me.at\/it\/wp-json\/wp\/v2\/users\/1"}],"replies":[{"embeddable":true,"href":"https:\/\/www.apart-of-me.at\/it\/wp-json\/wp\/v2\/comments?post=394"}],"version-history":[{"count":6,"href":"https:\/\/www.apart-of-me.at\/it\/wp-json\/wp\/v2\/pages\/394\/revisions"}],"predecessor-version":[{"id":509,"href":"https:\/\/www.apart-of-me.at\/it\/wp-json\/wp\/v2\/pages\/394\/revisions\/509"}],"wp:attachment":[{"href":"https:\/\/www.apart-of-me.at\/it\/wp-json\/wp\/v2\/media?parent=394"}],"curies":[{"name":"wp","href":"https:\/\/api.w.org\/{rel}","templated":true}]}}