{"id":394,"date":"2020-02-07T08:56:16","date_gmt":"2020-02-07T07:56:16","guid":{"rendered":"https:\/\/www.apart-of-me.at\/?page_id=394"},"modified":"2021-05-11T14:45:04","modified_gmt":"2021-05-11T12:45:04","slug":"impressum","status":"publish","type":"page","link":"https:\/\/www.apart-of-me.at\/en\/impressum\/","title":{"rendered":"Imprint"},"content":{"rendered":"<p>Apart of me GmbH &amp; Co. KG<br>Hausergasse 27<br>A-9500 Villach<\/p>\n\n\n\n<p>Tel.: +43 664 46 166 60<br>E-mail: base@apart-of-me.at<\/p>\n\n\n\n<p>Company register number: FN 288712 b<\/p>\n\n\n\n<p>Place of jurisdiction: Klagenfurt<\/p>\n\n\n\n<p>UID number: ATU70976946<\/p>\n\n\n\n<p>Management<br>Hansj\u00f6rg Kofler<\/p>\n\n\n\n<p>Disclosure according to \u00a7 25 Media Act<\/p>\n\n\n\n<p>www.apart-of-me.at is a project of the:<\/p>\n\n\n\n<p>Apart of me GmbH, Hausergasse 27, A-9500 Villach<\/p>\n\n\n\n<p>The responsibility for the content of the individual contributions lies with the authors or contact persons.<\/p>\n\n\n\n<p>All information is provided to the best of our knowledge and belief. Should an error nevertheless have occurred, this is regretted - however, no liability can be assumed for this case. The media owner accepts no responsibility for external content referred to by hyperlink.<\/p>\n\n\n\n<p>Likewise, the media owner hereby expressly dissociates itself from all contents of the subsections of www.apart-of-me.at in which the website viewer can make or has made entries or changes independently, without additional permission from the media owner.<\/p>\n\n\n\n<p>The media owner also draws attention to the fact that the information offered may change continuously for reasons of updating.<\/p>\n\n\n\n<p>The content of these pages is protected by copyright. The information is intended for personal use only. Any further use, in particular storage in databases, publication, duplication and any form of commercial use as well as disclosure to third parties - also in parts or in revised form - without the consent of the media owner is prohibited.<\/p>\n\n\n\n<p>Hyperlinks to www.apart-of-me.at are welcome. However, the media owner requests that you refrain from embedding individual pages of our website in external frames. For organisational questions, please contact the media owner.<\/p>\n\n\n\n<p><br><br><br><\/p>","protected":false},"excerpt":{"rendered":"<p>Apart of me GmbH &amp; Co. KGHausergasse 27A-9500 Villach Tel.: +43 664 46 166 60E-Mail: base@apart-of-me.at Firmenbuchnummer: FN 288712 b Gerichtsstand: Klagenfurt UID-Nummer: ATU70976946 Gesch\u00e4ftsf\u00fchrungHansj\u00f6rg Kofler Offenlegung lt. \u00a7 25 Mediengesetz www.apart-of-me.at ist ein Projekt der: Apart of me GmbH, Hausergasse 27, A-9500 Villach Die inhaltliche Verantwortung f\u00fcr die einzelnen Beitr\u00e4ge liegt bei den Autoren [&hellip;]<\/p>","protected":false},"author":1,"featured_media":0,"parent":0,"menu_order":0,"comment_status":"closed","ping_status":"open","template":"templates\/template-full-width.php","meta":{"footnotes":""},"class_list":["post-394","page","type-page","status-publish","hentry"],"_links":{"self":[{"href":"https:\/\/www.apart-of-me.at\/en\/wp-json\/wp\/v2\/pages\/394","targetHints":{"allow":["GET"]}}],"collection":[{"href":"https:\/\/www.apart-of-me.at\/en\/wp-json\/wp\/v2\/pages"}],"about":[{"href":"https:\/\/www.apart-of-me.at\/en\/wp-json\/wp\/v2\/types\/page"}],"author":[{"embeddable":true,"href":"https:\/\/www.apart-of-me.at\/en\/wp-json\/wp\/v2\/users\/1"}],"replies":[{"embeddable":true,"href":"https:\/\/www.apart-of-me.at\/en\/wp-json\/wp\/v2\/comments?post=394"}],"version-history":[{"count":6,"href":"https:\/\/www.apart-of-me.at\/en\/wp-json\/wp\/v2\/pages\/394\/revisions"}],"predecessor-version":[{"id":509,"href":"https:\/\/www.apart-of-me.at\/en\/wp-json\/wp\/v2\/pages\/394\/revisions\/509"}],"wp:attachment":[{"href":"https:\/\/www.apart-of-me.at\/en\/wp-json\/wp\/v2\/media?parent=394"}],"curies":[{"name":"wp","href":"https:\/\/api.w.org\/{rel}","templated":true}]}}